{"id":7012,"date":"2024-09-18T22:26:50","date_gmt":"2024-09-18T22:26:50","guid":{"rendered":"https:\/\/originalesjac.com\/catalogo\/?post_type=product&#038;p=7012"},"modified":"2024-09-24T10:10:11","modified_gmt":"2024-09-24T10:10:11","slug":"coco-contra-danos","status":"publish","type":"product","link":"https:\/\/originalesjac.com\/catalogo\/producto\/coco-contra-danos\/","title":{"rendered":"COCO CONTRA DA\u00d1OS"},"content":{"rendered":"<div class=\"woocommerce-product-details__short-description\">\n<p>PRODUCTOS ORIGINALES JAC\u00ae 2024 &#8211; 2025 &#8211; Basamos nuestra operaci\u00f3n en productos de Calidad e Innovaci\u00f3n, ofreciendo una amplia variedad de t\u00edtulos y modelos.<\/p>\n<\/div>\n","protected":false},"excerpt":{"rendered":"<p><iframe loading=\"lazy\" title=\"TAPA CAMINOS - Veladora Titulo - Jumbo\" src=\"https:\/\/www.youtube.com\/embed\/ZkQD-Ho_5HE?si\" width=\"501\" height=\"891\" frameborder=\"0\" allowfullscreen=\"allowfullscreen\"><span style=\"display: inline-block; width: 0px; overflow: hidden; line-height: 0;\" data-mce-type=\"bookmark\" class=\"mce_SELRES_start\">\ufeff<\/span><span style=\"display: inline-block; width: 0px; overflow: hidden; line-height: 0;\" data-mce-type=\"bookmark\" class=\"mce_SELRES_start\">\ufeff<\/span><span style=\"display: inline-block; width: 0px; overflow: hidden; line-height: 0;\" data-mce-type=\"bookmark\" class=\"mce_SELRES_start\">\ufeff<\/span><span style=\"display: inline-block; width: 0px; overflow: hidden; line-height: 0;\" data-mce-type=\"bookmark\" class=\"mce_SELRES_start\">\ufeff<\/span><\/iframe><\/p>\n","protected":false},"featured_media":6998,"comment_status":"open","ping_status":"closed","template":"","meta":{"_uag_custom_page_level_css":"","site-sidebar-layout":"default","site-content-layout":"","ast-site-content-layout":"default","site-content-style":"default","site-sidebar-style":"default","ast-global-header-display":"","ast-banner-title-visibility":"","ast-main-header-display":"","ast-hfb-above-header-display":"","ast-hfb-below-header-display":"","ast-hfb-mobile-header-display":"","site-post-title":"","ast-breadcrumbs-content":"","ast-featured-img":"","footer-sml-layout":"","theme-transparent-header-meta":"default","adv-header-id-meta":"","stick-header-meta":"","header-above-stick-meta":"","header-main-stick-meta":"","header-below-stick-meta":"","astra-migrate-meta-layouts":"set","ast-page-background-enabled":"default","ast-page-background-meta":{"desktop":{"background-color":"var(--ast-global-color-4)","background-image":"","background-repeat":"repeat","background-position":"center center","background-size":"auto","background-attachment":"scroll","background-type":"","background-media":"","overlay-type":"","overlay-color":"","overlay-gradient":""},"tablet":{"background-color":"","background-image":"","background-repeat":"repeat","background-position":"center center","background-size":"auto","background-attachment":"scroll","background-type":"","background-media":"","overlay-type":"","overlay-color":"","overlay-gradient":""},"mobile":{"background-color":"","background-image":"","background-repeat":"repeat","background-position":"center center","background-size":"auto","background-attachment":"scroll","background-type":"","background-media":"","overlay-type":"","overlay-color":"","overlay-gradient":""}},"ast-content-background-meta":{"desktop":{"background-color":"var(--ast-global-color-5)","background-image":"","background-repeat":"repeat","background-position":"center center","background-size":"auto","background-attachment":"scroll","background-type":"","background-media":"","overlay-type":"","overlay-color":"","overlay-gradient":""},"tablet":{"background-color":"var(--ast-global-color-5)","background-image":"","background-repeat":"repeat","background-position":"center center","background-size":"auto","background-attachment":"scroll","background-type":"","background-media":"","overlay-type":"","overlay-color":"","overlay-gradient":""},"mobile":{"background-color":"var(--ast-global-color-5)","background-image":"","background-repeat":"repeat","background-position":"center center","background-size":"auto","background-attachment":"scroll","background-type":"","background-media":"","overlay-type":"","overlay-color":"","overlay-gradient":""}}},"product_cat":[37,41],"product_tag":[],"class_list":["post-7012","product","type-product","status-publish","has-post-thumbnail","hentry","product_cat-coco","product_cat-nuevos-productos","desktop-align-left","tablet-align-left","mobile-align-left"],"uagb_featured_image_src":{"full":["https:\/\/originalesjac.com\/catalogo\/wp-content\/uploads\/2024\/09\/COCO_F1_17.jpg",2048,2560,false],"thumbnail":["https:\/\/originalesjac.com\/catalogo\/wp-content\/uploads\/2024\/09\/COCO_F1_17-150x150.jpg",150,150,true],"medium":["https:\/\/originalesjac.com\/catalogo\/wp-content\/uploads\/2024\/09\/COCO_F1_17-240x300.jpg",240,300,true],"medium_large":["https:\/\/originalesjac.com\/catalogo\/wp-content\/uploads\/2024\/09\/COCO_F1_17-768x960.jpg",768,960,true],"large":["https:\/\/originalesjac.com\/catalogo\/wp-content\/uploads\/2024\/09\/COCO_F1_17-819x1024.jpg",819,1024,true],"1536x1536":["https:\/\/originalesjac.com\/catalogo\/wp-content\/uploads\/2024\/09\/COCO_F1_17-1229x1536.jpg",1229,1536,true],"2048x2048":["https:\/\/originalesjac.com\/catalogo\/wp-content\/uploads\/2024\/09\/COCO_F1_17-1638x2048.jpg",1638,2048,true],"woocommerce_thumbnail":["https:\/\/originalesjac.com\/catalogo\/wp-content\/uploads\/2024\/09\/COCO_F1_17-300x300.jpg",300,300,true],"woocommerce_single":["https:\/\/originalesjac.com\/catalogo\/wp-content\/uploads\/2024\/09\/COCO_F1_17-600x750.jpg",600,750,true],"woocommerce_gallery_thumbnail":["https:\/\/originalesjac.com\/catalogo\/wp-content\/uploads\/2024\/09\/COCO_F1_17-100x100.jpg",100,100,true]},"uagb_author_info":{"display_name":"BOSS","author_link":"https:\/\/originalesjac.com\/catalogo\/author\/"},"uagb_comment_info":0,"uagb_excerpt":"\ufeff\ufeff\ufeff\ufeff","_links":{"self":[{"href":"https:\/\/originalesjac.com\/catalogo\/wp-json\/wp\/v2\/product\/7012","targetHints":{"allow":["GET"]}}],"collection":[{"href":"https:\/\/originalesjac.com\/catalogo\/wp-json\/wp\/v2\/product"}],"about":[{"href":"https:\/\/originalesjac.com\/catalogo\/wp-json\/wp\/v2\/types\/product"}],"replies":[{"embeddable":true,"href":"https:\/\/originalesjac.com\/catalogo\/wp-json\/wp\/v2\/comments?post=7012"}],"wp:featuredmedia":[{"embeddable":true,"href":"https:\/\/originalesjac.com\/catalogo\/wp-json\/wp\/v2\/media\/6998"}],"wp:attachment":[{"href":"https:\/\/originalesjac.com\/catalogo\/wp-json\/wp\/v2\/media?parent=7012"}],"wp:term":[{"taxonomy":"product_cat","embeddable":true,"href":"https:\/\/originalesjac.com\/catalogo\/wp-json\/wp\/v2\/product_cat?post=7012"},{"taxonomy":"product_tag","embeddable":true,"href":"https:\/\/originalesjac.com\/catalogo\/wp-json\/wp\/v2\/product_tag?post=7012"}],"curies":[{"name":"wp","href":"https:\/\/api.w.org\/{rel}","templated":true}]}}